{"id":2,"date":"2010-06-18T20:51:35","date_gmt":"2010-06-18T19:51:35","guid":{"rendered":"http:\/\/www.onegin.se\/?page_id=2"},"modified":"2019-06-06T18:08:56","modified_gmt":"2019-06-06T17:08:56","slug":"about","status":"publish","type":"page","link":"https:\/\/www.onegin.se\/?page_id=2","title":{"rendered":"Om projektet"},"content":{"rendered":"<div id=\"attachment_1069\" style=\"width: 337px\" class=\"wp-caption alignright\"><a href=\"http:\/\/www.onegin.se\/wp-content\/uploads\/2010\/06\/Pusjkin2.jpg\"><img loading=\"lazy\" decoding=\"async\" aria-describedby=\"caption-attachment-1069\" class=\"size-full wp-image-1069\" title=\"Pusjkin &#038; Franke\" src=\"http:\/\/www.onegin.se\/wp-content\/uploads\/2010\/06\/Pusjkin2.jpg\" alt=\"Pusjkin &#038; Franke\" width=\"327\" height=\"512\" srcset=\"https:\/\/www.onegin.se\/wp-content\/uploads\/2010\/06\/Pusjkin2.jpg 327w, https:\/\/www.onegin.se\/wp-content\/uploads\/2010\/06\/Pusjkin2-191x300.jpg 191w\" sizes=\"auto, (max-width: 327px) 100vw, 327px\" \/><\/a><p id=\"caption-attachment-1069\" class=\"wp-caption-text\">\u00d6vers\u00e4ttaren i skuggan av poeten<br \/>(P\u00e5 stationen Pusjkinskaja i Moskvas tunnelbana)<\/p><\/div>\n<p>Versromanen <em>Jevgenij Onegin<\/em> av Aleksandr Pusjkin intar en s\u00e4rst\u00e4llning i rysk litteratur. Dess 389 strofer ber\u00e4ttar inte bara en historia om olycklig k\u00e4rlek, dekadent s\u00e4llskapsliv och hur v\u00e4nskap slutar i duell, utan har ocks\u00e5 ett potent satiriskt \u00f6ga. Det \u00e4r emellertid dess kulturella genomslag som \u00e4r mest fascinerande \u2013 Pusjkins formuleringar lever inte bara kvar i det ryska litteraturspr\u00e5ket, utan citeras flitigt \u00e4ven i talspr\u00e5k. Att kunna deklamera ett antal Onegin-strofer \u00e4r regel snarare \u00e4n undantag hos m\u00e5nga vuxna ryssar.<\/p>\n<p><em>Jevgenij Onegin<\/em> finns i \u00e5tminstone tv\u00e5 svenska \u00f6vers\u00e4ttningar sedan tidigare: Alfred Jensens fr\u00e5n 1889 och <a href=\"http:\/\/home.swipnet.se\/murbrackan\/\" target=\"_new\" rel=\"noopener noreferrer\">Kjell Johanssons<\/a> fr\u00e5n 1999. Mitt syfte \u00e4r inte att \u00f6vergl\u00e4nsa eller ers\u00e4tta dem. Snarare ger det faktum att det finns andra \u00f6vers\u00e4ttningar sedan tidigare en lite st\u00f6rre frihet \u2013 m\u00f6jligheten att v\u00e4lja en ordlek h\u00e4r och en spetsfundig formulering d\u00e4r. Samtidigt \u00e4r ambitionen naturligtvis att respektera Pusjkins original till s\u00e5v\u00e4l form som till inneh\u00e5ll i s\u00e5 h\u00f6g grad som m\u00f6jligt. <em>Jevgenij Onegin<\/em> \u00e4r en integrerad helhet. En \u00f6vers\u00e4ttning som brister i form (versm\u00e5tt) \u00e4r lika illa som en som brister i inneh\u00e5ll (ordagrann betydelse). I detta sp\u00e4nningsf\u00e4lt av ganska h\u00e5rda begr\u00e4nsningar uppst\u00e5r en kreativ dynamik.<\/p>\n<p>Ulrik Franke<\/p>\n","protected":false},"excerpt":{"rendered":"<p>Versromanen Jevgenij Onegin av Aleksandr Pusjkin intar en s\u00e4rst\u00e4llning i rysk litteratur. Dess 389 strofer ber\u00e4ttar inte bara en historia om olycklig k\u00e4rlek, dekadent s\u00e4llskapsliv och hur v\u00e4nskap slutar i duell, utan har ocks\u00e5 ett potent satiriskt \u00f6ga. Det \u00e4r &hellip; <a href=\"https:\/\/www.onegin.se\/?page_id=2\">Forts\u00e4tt l\u00e4sa <span class=\"meta-nav\">&rarr;<\/span><\/a><\/p>\n","protected":false},"author":1,"featured_media":0,"parent":0,"menu_order":0,"comment_status":"closed","ping_status":"closed","template":"","meta":{"footnotes":""},"class_list":["post-2","page","type-page","status-publish","hentry"],"_links":{"self":[{"href":"https:\/\/www.onegin.se\/index.php?rest_route=\/wp\/v2\/pages\/2","targetHints":{"allow":["GET"]}}],"collection":[{"href":"https:\/\/www.onegin.se\/index.php?rest_route=\/wp\/v2\/pages"}],"about":[{"href":"https:\/\/www.onegin.se\/index.php?rest_route=\/wp\/v2\/types\/page"}],"author":[{"embeddable":true,"href":"https:\/\/www.onegin.se\/index.php?rest_route=\/wp\/v2\/users\/1"}],"replies":[{"embeddable":true,"href":"https:\/\/www.onegin.se\/index.php?rest_route=%2Fwp%2Fv2%2Fcomments&post=2"}],"version-history":[{"count":7,"href":"https:\/\/www.onegin.se\/index.php?rest_route=\/wp\/v2\/pages\/2\/revisions"}],"predecessor-version":[{"id":1842,"href":"https:\/\/www.onegin.se\/index.php?rest_route=\/wp\/v2\/pages\/2\/revisions\/1842"}],"wp:attachment":[{"href":"https:\/\/www.onegin.se\/index.php?rest_route=%2Fwp%2Fv2%2Fmedia&parent=2"}],"curies":[{"name":"wp","href":"https:\/\/api.w.org\/{rel}","templated":true}]}}